{"id":7,"date":"2026-04-29T07:51:00","date_gmt":"2026-04-29T07:51:00","guid":{"rendered":"http:\/\/192.168.1.155\/?page_id=7"},"modified":"2026-04-29T15:54:26","modified_gmt":"2026-04-29T13:54:26","slug":"elementor-7","status":"publish","type":"page","link":"https:\/\/www.cryptonova.fr\/","title":{"rendered":"Accueil"},"content":{"rendered":"\t\t<div data-elementor-type=\"wp-post\" data-elementor-id=\"7\" class=\"elementor elementor-7\">\n\t\t\t\t<div class=\"elementor-element elementor-element-13d4dca e-con-full e-flex e-con e-parent\" data-id=\"13d4dca\" data-element_type=\"container\" data-e-type=\"container\" data-settings=\"{&quot;background_background&quot;:&quot;classic&quot;}\">\n\t\t\t\t\t\t\t\n\t\t\t<img class=\"e-image-base e-a3450e1-3272fdf\" \n\t\t\t\t\tdata-interaction-id=\"a3450e1\" \n\t\t \n\t\t \n\t\t\t\t\t\t\t\t\tid=\"18\"\n\t\t\t\t\t\t\t\t\t\t\t\tsrc=\"https:\/\/www.cryptonova.fr\/wp-content\/uploads\/2026\/04\/Rendons-la-crypto-plus-facile.png\"\n\t\t\t\t\t\t\t\t\t\t\t\twidth=\"1293\"\n\t\t\t\t\t\t\t\t\t\t\t\theight=\"280\"\n\t\t\t\t\t\t\t\t\t\t\t\tsrcset=\"https:\/\/www.cryptonova.fr\/wp-content\/uploads\/2026\/04\/Rendons-la-crypto-plus-facile.png 1293w, https:\/\/www.cryptonova.fr\/wp-content\/uploads\/2026\/04\/Rendons-la-crypto-plus-facile-300x65.png 300w, https:\/\/www.cryptonova.fr\/wp-content\/uploads\/2026\/04\/Rendons-la-crypto-plus-facile-1024x222.png 1024w, https:\/\/www.cryptonova.fr\/wp-content\/uploads\/2026\/04\/Rendons-la-crypto-plus-facile-768x166.png 768w\"\n\t\t\t\t\t\t\t\t\t\t\t\talt=\"\"\n\t\t\t\t\t\t\/>\n\t\t\t\t\t\t\t\t\n\t\t\t<img class=\"e-image-base e-8d44590-82ce3fd\" \n\t\t\t\t\tdata-interaction-id=\"8d44590\" \n\t\t \n\t\t \n\t\t\t\t\t\t\t\t\tid=\"21\"\n\t\t\t\t\t\t\t\t\t\t\t\tsrc=\"https:\/\/www.cryptonova.fr\/wp-content\/uploads\/2026\/04\/LA-CRYPTO-ENFIN-SIMPLE1.png\"\n\t\t\t\t\t\t\t\t\t\t\t\twidth=\"992\"\n\t\t\t\t\t\t\t\t\t\t\t\theight=\"67\"\n\t\t\t\t\t\t\t\t\t\t\t\tsrcset=\"https:\/\/www.cryptonova.fr\/wp-content\/uploads\/2026\/04\/LA-CRYPTO-ENFIN-SIMPLE1.png 992w, https:\/\/www.cryptonova.fr\/wp-content\/uploads\/2026\/04\/LA-CRYPTO-ENFIN-SIMPLE1-300x20.png 300w, https:\/\/www.cryptonova.fr\/wp-content\/uploads\/2026\/04\/LA-CRYPTO-ENFIN-SIMPLE1-768x52.png 768w\"\n\t\t\t\t\t\t\t\t\t\t\t\talt=\"\"\n\t\t\t\t\t\t\/>\n\t\t\t\t\t\t    \t            <a\n            href=\"https:\/\/cryptonova.fr\/login\/index.php\" target=\"_blank\"\n            class=\"e-7410b78-404836a e-button-base\"\n            data-interaction-id=\"7410b78\"\n             \n        >\n            Conexion\n        <\/a>\n    \t\t\t\t\t<div class=\"e-1edfcee-418ab48 e-svg-base\" data-interaction-id=\"1edfcee\"><svg xmlns=\"http:\/\/www.w3.org\/2000\/svg\" style=\"width: 100%; height: 100%; overflow: unset;\" width=\"52\" height=\"100\" viewBox=\"0 0 52 100\" fill=\"currentColor\"><g clip-path=\"url(#clip0_109_198)\"><path d=\"M10.7976 56.201C15.591 61.3096 21.7786 62.2746 28.456 61.9406C37.2541 61.4995 45.2864 54.9479 45.8318 45.5996C46.3664 36.4613 45.4184 26.7868 45.8318 17.5927C43.47 -5.76463 8.64415 -5.92657 6.16781 17.4821C6.58235 26.7087 5.62782 36.4233 6.17326 45.5929C6.41217 49.6013 8.10089 53.3273 10.7965 56.1999L10.7976 56.201ZM27.0902 3.60041C34.4734 3.82379 41.5501 9.6271 42.2373 17.3715V45.9357C41.657 52.5868 35.7137 57.5904 29.4302 58.2549C20.3626 59.2132 11.2318 56.2155 9.76342 45.9357C10.1823 36.5953 9.22233 26.7667 9.76342 17.4832C9.97942 13.7685 11.9899 10.2045 14.6692 7.78313C17.4423 5.27797 21.1884 3.67748 24.9116 3.60153V7.89593C24.0487 8.35385 23.3866 9.1379 23.1782 10.1364C23.3538 13.0045 22.912 16.229 23.164 19.0547C23.2469 19.985 23.6746 20.6418 24.34 21.2214C24.5091 21.3689 24.8931 21.37 24.9095 21.7296L24.9116 39.0156C25.0796 40.5435 26.8949 40.5155 27.0934 39.0178V21.7285C27.16 21.3789 27.8058 21.1544 28.0676 20.835C28.5498 20.2453 28.7789 19.4791 28.8378 18.7185C29.0494 15.962 28.6774 12.9197 28.8269 10.133C28.5727 9.13344 27.9847 8.35832 27.0902 7.89482V3.60041Z\" fill=\"#F3AA87\"><\/path><path d=\"M13.019 84.4852C12.1921 85.4333 12.3368 86.7692 13.1154 87.6941C16.8822 91.192 20.2972 95.5205 24.081 98.9458C25.2099 99.968 26.2324 100.443 27.6506 99.4656L38.9807 87.8655C40.7676 85.4493 37.8546 82.5467 35.3969 84.777C32.3321 87.5591 29.585 91.3387 26.387 94.0104C26.3019 94.0815 26.2749 94.1788 26.2735 94.2862L26.075 94.2921L16.2142 84.2296C15.3292 83.4078 13.7834 83.6067 13.0175 84.4852H13.019Z\" fill=\"#F3AA87\"><\/path><path d=\"M13.019 65.7767C12.1921 66.7248 12.3368 68.0607 13.1154 68.9856C16.8822 72.4835 20.2972 76.812 24.081 80.2373C25.2099 81.2595 26.2324 81.7343 27.6506 80.7571L38.9807 69.157C40.7676 66.7408 37.8546 63.8382 35.3969 66.0685C32.3321 68.8506 29.585 72.6302 26.387 75.3019C26.3019 75.373 26.2749 75.4703 26.2735 75.5778L26.075 75.5836L16.2142 65.5211C15.3292 64.6993 13.7834 64.8982 13.0175 65.7767H13.019Z\" fill=\"#F3AA87\"><\/path><\/g><defs><clipPath id=\"clip0_109_198\"><rect width=\"52\" height=\"100\" fill=\"white\" transform=\"matrix(-1 0 0 1 52 0)\"><\/rect><\/clipPath><\/defs><\/svg><\/div>\t\t\t\t<\/div>\n\t\t<div class=\"elementor-element elementor-element-fc5ea0d e-flex e-con-boxed e-con e-parent\" data-id=\"fc5ea0d\" data-element_type=\"container\" data-e-type=\"container\">\n\t\t\t\t\t<div class=\"e-con-inner\">\n\t\t\t\t<div class=\"elementor-element elementor-element-9ca8422 e-con e-atomic-element e-flexbox-base e-9ca8422-07c0ae7\" data-id=\"9ca8422\" data-element_type=\"e-flexbox\" data-e-type=\"e-flexbox\" data-interaction-id=\"9ca8422\">\n\t\t\t\t\t\t\t<h2 \n\t\tdata-interaction-id=\"c5b0644\" \n\t\tclass=\"e-c5b0644-4ff9ef6 e-heading-base\" \n\t\t \n\t\t\n\t>\n\t\n\t\t\tIL EST TEMPS DE PASSER  \u00c0 LA VITESSE SUP\u00c9RIEUR\n\t\t<\/h2>\n\t\t\t\t\t\t\t\t<p class=\"e-e3fc23d-beee631 e-paragraph-base\" data-interaction-id=\"e3fc23d\"  >\n\t\t\t\t\t\t\t\tAvec Nova, comprendre la crypto devient simple, rapide et intuitif. Apprends, teste, progresse sans risque et \u00e0 ton rythme.<br>Bienvenue dans la nouvelle fa\u00e7on d\u2019apprendre la crypto.\n\t\t\t\t\t<\/p>\n\t\t\t\t<\/div>\n\t\t\t\t<div class=\"elementor-element elementor-element-20c353a e-con e-atomic-element e-flexbox-base\" data-id=\"20c353a\" data-element_type=\"e-flexbox\" data-e-type=\"e-flexbox\" data-interaction-id=\"20c353a\">\n\t\t\t\t\t\t\t\n\t\t\t<img class=\"e-image-base \" \n\t\t\t\t\tdata-interaction-id=\"06cef97\" \n\t\t \n\t\t \n\t\t\t\t\t\t\t\t\tsrc=\"https:\/\/www.cryptonova.fr\/wp-content\/plugins\/elementor\/assets\/images\/placeholder-v4.svg\"\n\t\t\t\t\t\t\/>\n\t\t\t\t\t<\/div>\n\t\t\t\t\t<\/div>\n\t\t\t\t<\/div>\n\t\t<div class=\"elementor-element elementor-element-5a61267 e-grid e-con-boxed e-con e-parent\" data-id=\"5a61267\" data-element_type=\"container\" data-e-type=\"container\">\n\t\t\t\t\t<div class=\"e-con-inner\">\n\t\t\t\t<div class=\"elementor-element elementor-element-77d1626 e-con e-atomic-element e-flexbox-base e-77d1626-a4db6e9\" data-id=\"77d1626\" data-element_type=\"e-flexbox\" data-e-type=\"e-flexbox\" data-interaction-id=\"77d1626\">\n\t\t\t\t<div class=\"elementor-element elementor-element-76eb933 e-con e-atomic-element e-flexbox-base e-76eb933-b4b50d3\" data-id=\"76eb933\" data-element_type=\"e-flexbox\" data-e-type=\"e-flexbox\" data-interaction-id=\"76eb933\">\n\t\t\t\t\t\t\t<h2 \n\t\tdata-interaction-id=\"f0dcd3d\" \n\t\tclass=\"e-f0dcd3d-c06f310 e-heading-base\" \n\t\t \n\t\t\n\t>\n\t\n\t\t\tComprends la Crypto\n\t\t<\/h2>\n\t\t\t\t\t\t\t\n\t\t\t<img class=\"e-image-base e-cfbfa28-fab1e8a\" \n\t\t\t\t\tdata-interaction-id=\"cfbfa28\" \n\t\t \n\t\t \n\t\t\t\t\t\t\t\t\tsrc=\"https:\/\/www.cryptonova.fr\/wp-content\/plugins\/elementor\/assets\/images\/placeholder-v4.svg\"\n\t\t\t\t\t\t\/>\n\t\t\t\t\t<\/div>\n\t\t\t\t<div class=\"elementor-element elementor-element-c182826 e-con e-atomic-element e-flexbox-base\" data-id=\"c182826\" data-element_type=\"e-flexbox\" data-e-type=\"e-flexbox\" data-interaction-id=\"c182826\">\n\t\t\t\t<div class=\"elementor-element elementor-element-4b15a2e e-con e-atomic-element e-flexbox-base e-4b15a2e-d9239ba\" data-id=\"4b15a2e\" data-element_type=\"e-flexbox\" data-e-type=\"e-flexbox\" data-interaction-id=\"4b15a2e\">\n\t\t\t\t\t\t\t<h2 \n\t\tdata-interaction-id=\"6ce4af4\" \n\t\tclass=\"e-6ce4af4-aff3aa3 e-heading-base\" \n\t\t \n\t\t\n\t>\n\t\n\t\t\tComprends la Crypto\n\t\t<\/h2>\n\t\t\t\t\t\t\t\n\t\t\t<img class=\"e-image-base e-cefc8b4-78fc096\" \n\t\t\t\t\tdata-interaction-id=\"cefc8b4\" \n\t\t \n\t\t \n\t\t\t\t\t\t\t\t\tsrc=\"https:\/\/www.cryptonova.fr\/wp-content\/plugins\/elementor\/assets\/images\/placeholder-v4.svg\"\n\t\t\t\t\t\t\/>\n\t\t\t\t\t<\/div>\n\t\t\t\t<\/div>\n\t\t\t\t<\/div>\n\t\t\t\t<div class=\"elementor-element elementor-element-996d362 e-con e-atomic-element e-flexbox-base\" data-id=\"996d362\" data-element_type=\"e-flexbox\" data-e-type=\"e-flexbox\" data-interaction-id=\"996d362\">\n\t\t\t\t\t\t\t<h2 \n\t\tdata-interaction-id=\"0e56452\" \n\t\tclass=\"e-0e56452-593d7a9 e-heading-base\" \n\t\t \n\t\t\n\t>\n\t\n\t\t\tIL EST TEMPS DE PASSER  \u00c0 LA VITESSE SUP\u00c9RIEUR\n\t\t<\/h2>\n\t\t\t\t<\/div>\n\t\t\t\t<div class=\"elementor-element elementor-element-b39d2da e-con e-atomic-element e-flexbox-base e-b39d2da-7c34e35\" data-id=\"b39d2da\" data-element_type=\"e-flexbox\" data-e-type=\"e-flexbox\" data-interaction-id=\"b39d2da\">\n\t\t\t\t<div class=\"elementor-element elementor-element-60c4b8e e-con e-atomic-element e-flexbox-base\" data-id=\"60c4b8e\" data-element_type=\"e-flexbox\" data-e-type=\"e-flexbox\" data-interaction-id=\"60c4b8e\">\n\t\t\t\t<div class=\"elementor-element elementor-element-d1caa4c e-con e-atomic-element e-flexbox-base e-d1caa4c-cf63a10\" data-id=\"d1caa4c\" data-element_type=\"e-flexbox\" data-e-type=\"e-flexbox\" data-interaction-id=\"d1caa4c\">\n\t\t\t\t\t\t\t<h2 \n\t\tdata-interaction-id=\"630cff7\" \n\t\tclass=\"e-630cff7-c4fd50a e-heading-base\" \n\t\t \n\t\t\n\t>\n\t\n\t\t\tComprends la Crypto\n\t\t<\/h2>\n\t\t\t\t\t\t\t\n\t\t\t<img class=\"e-image-base e-d55294b-fe3b2ab\" \n\t\t\t\t\tdata-interaction-id=\"d55294b\" \n\t\t \n\t\t \n\t\t\t\t\t\t\t\t\tsrc=\"https:\/\/www.cryptonova.fr\/wp-content\/plugins\/elementor\/assets\/images\/placeholder-v4.svg\"\n\t\t\t\t\t\t\/>\n\t\t\t\t\t<\/div>\n\t\t\t\t<\/div>\n\t\t\t\t<div class=\"elementor-element elementor-element-f3e911e e-con e-atomic-element e-flexbox-base\" data-id=\"f3e911e\" data-element_type=\"e-flexbox\" data-e-type=\"e-flexbox\" data-interaction-id=\"f3e911e\">\n\t\t\t\t<div class=\"elementor-element elementor-element-22a8b3e e-con e-atomic-element e-flexbox-base e-22a8b3e-a25f0e1\" data-id=\"22a8b3e\" data-element_type=\"e-flexbox\" data-e-type=\"e-flexbox\" data-interaction-id=\"22a8b3e\">\n\t\t\t\t\t\t\t<h2 \n\t\tdata-interaction-id=\"9ea258f\" \n\t\tclass=\"e-9ea258f-1467e73 e-heading-base\" \n\t\t \n\t\t\n\t>\n\t\n\t\t\tComprends la Crypto\n\t\t<\/h2>\n\t\t\t\t\t\t\t\n\t\t\t<img class=\"e-image-base e-7342815-1e1aa97\" \n\t\t\t\t\tdata-interaction-id=\"7342815\" \n\t\t \n\t\t \n\t\t\t\t\t\t\t\t\tsrc=\"https:\/\/www.cryptonova.fr\/wp-content\/plugins\/elementor\/assets\/images\/placeholder-v4.svg\"\n\t\t\t\t\t\t\/>\n\t\t\t\t\t<\/div>\n\t\t\t\t<\/div>\n\t\t\t\t<\/div>\n\t\t\t\t\t<\/div>\n\t\t\t\t<\/div>\n\t\t<div class=\"elementor-element elementor-element-9743606 e-flex e-con-boxed e-con e-parent\" data-id=\"9743606\" data-element_type=\"container\" data-e-type=\"container\">\n\t\t\t\t\t<div class=\"e-con-inner\">\n\t\t<div class=\"elementor-element elementor-element-b9ea06e e-con-full e-flex e-con e-child\" data-id=\"b9ea06e\" data-element_type=\"container\" data-e-type=\"container\">\n\t\t\t\t\t\t\t<h2 \n\t\tdata-interaction-id=\"ed21cf5\" \n\t\tclass=\"e-ed21cf5-dcb08b9 e-heading-base\" \n\t\t \n\t\t\n\t>\n\t\n\t\t\tApprentissage intuitif\n\t\t<\/h2>\n\t\t\t\t\t\t\t\t<p class=\"e-9d3ade5-6a1eea4 e-paragraph-base\" data-interaction-id=\"9d3ade5\"  >\n\t\t\t\t\t\t\t\tD\u00e9couvre la crypto \u00e0 travers une exp\u00e9rience claire, fluide et pens\u00e9e pour tous les niveaux.\n\t\t\t\t\t<\/p>\n\t\t\t\t\t\t\t\n\t\t\t<img class=\"e-image-base \" \n\t\t\t\t\tdata-interaction-id=\"413a953\" \n\t\t \n\t\t \n\t\t\t\t\t\t\t\t\tsrc=\"https:\/\/www.cryptonova.fr\/wp-content\/plugins\/elementor\/assets\/images\/placeholder-v4.svg\"\n\t\t\t\t\t\t\/>\n\t\t\t\t\t<\/div>\n\t\t<div class=\"elementor-element elementor-element-748e845 e-con-full e-flex e-con e-child\" data-id=\"748e845\" data-element_type=\"container\" data-e-type=\"container\">\n\t\t\t\t\t\t\t<h2 \n\t\tdata-interaction-id=\"3b90d61\" \n\t\tclass=\"e-3b90d61-393bde3 e-heading-base\" \n\t\t \n\t\t\n\t>\n\t\n\t\t\tEntra\u00eenement fictif\n\t\t<\/h2>\n\t\t\t\t\t\t\t\t<p class=\"e-11227d0-32f1c61 e-paragraph-base\" data-interaction-id=\"11227d0\"  >\n\t\t\t\t\t\t\t\tProgresse en testant la crypto dans un environnement 100% s\u00e9curis\u00e9, sans pertes possibles.\n\t\t\t\t\t<\/p>\n\t\t\t\t\t\t\t\n\t\t\t<img class=\"e-image-base \" \n\t\t\t\t\tdata-interaction-id=\"9fcbc79\" \n\t\t \n\t\t \n\t\t\t\t\t\t\t\t\tsrc=\"https:\/\/www.cryptonova.fr\/wp-content\/plugins\/elementor\/assets\/images\/placeholder-v4.svg\"\n\t\t\t\t\t\t\/>\n\t\t\t\t\t<\/div>\n\t\t\t\t\t<\/div>\n\t\t\t\t<\/div>\n\t\t<div class=\"elementor-element elementor-element-bcc9ebc e-flex e-con-boxed e-con e-parent\" data-id=\"bcc9ebc\" data-element_type=\"container\" data-e-type=\"container\">\n\t\t\t\t\t<div class=\"e-con-inner\">\n\t\t\t\t\t\t\t\n\t\t\t<img class=\"e-image-base \" \n\t\t\t\t\tdata-interaction-id=\"225ad3e\" \n\t\t \n\t\t \n\t\t\t\t\t\t\t\t\tid=\"29\"\n\t\t\t\t\t\t\t\t\t\t\t\tsrc=\"https:\/\/www.cryptonova.fr\/wp-content\/uploads\/2026\/04\/Group-86.svg\"\n\t\t\t\t\t\t\t\t\t\t\t\twidth=\"1291\"\n\t\t\t\t\t\t\t\t\t\t\t\theight=\"488\"\n\t\t\t\t\t\t\t\t\t\t\t\tsrcset=\"\"\n\t\t\t\t\t\t\t\t\t\t\t\talt=\"\"\n\t\t\t\t\t\t\/>\n\t\t\t\t\t\t<\/div>\n\t\t\t\t<\/div>\n\t\t\t\t<\/div>\n\t\t","protected":false},"excerpt":{"rendered":"<p>Conexion IL EST TEMPS DE PASSER \u00c0 LA VITESSE SUP\u00c9RIEUR Avec Nova, comprendre la crypto devient simple, rapide et intuitif. Apprends, teste, progresse sans risque et \u00e0 ton rythme.Bienvenue dans la nouvelle fa\u00e7on d\u2019apprendre la crypto. Comprends la Crypto Comprends la Crypto IL EST TEMPS DE PASSER \u00c0 LA VITESSE SUP\u00c9RIEUR Comprends la Crypto Comprends [&hellip;]<\/p>\n","protected":false},"author":1,"featured_media":0,"parent":0,"menu_order":0,"comment_status":"closed","ping_status":"closed","template":"","meta":{"footnotes":""},"class_list":["post-7","page","type-page","status-publish","hentry"],"_links":{"self":[{"href":"https:\/\/www.cryptonova.fr\/index.php\/wp-json\/wp\/v2\/pages\/7","targetHints":{"allow":["GET"]}}],"collection":[{"href":"https:\/\/www.cryptonova.fr\/index.php\/wp-json\/wp\/v2\/pages"}],"about":[{"href":"https:\/\/www.cryptonova.fr\/index.php\/wp-json\/wp\/v2\/types\/page"}],"author":[{"embeddable":true,"href":"https:\/\/www.cryptonova.fr\/index.php\/wp-json\/wp\/v2\/users\/1"}],"replies":[{"embeddable":true,"href":"https:\/\/www.cryptonova.fr\/index.php\/wp-json\/wp\/v2\/comments?post=7"}],"version-history":[{"count":31,"href":"https:\/\/www.cryptonova.fr\/index.php\/wp-json\/wp\/v2\/pages\/7\/revisions"}],"predecessor-version":[{"id":139,"href":"https:\/\/www.cryptonova.fr\/index.php\/wp-json\/wp\/v2\/pages\/7\/revisions\/139"}],"wp:attachment":[{"href":"https:\/\/www.cryptonova.fr\/index.php\/wp-json\/wp\/v2\/media?parent=7"}],"curies":[{"name":"wp","href":"https:\/\/api.w.org\/{rel}","templated":true}]}}